{"id":2179,"date":"2019-11-05T21:29:05","date_gmt":"2019-11-05T21:29:05","guid":{"rendered":"https:\/\/www.osettra.com\/?page_id=2179"},"modified":"2024-04-17T08:36:06","modified_gmt":"2024-04-17T08:36:06","slug":"medios-de-pago","status":"publish","type":"page","link":"https:\/\/www.osettra.com\/ca\/medios-de-pago\/","title":{"rendered":"MITJANS DE PAGAMENT"},"content":{"rendered":"<div class=\"wpb-content-wrapper\"><p>[vc_row][vc_column el_class=&#8221;r-m-l-15&#8243; css=&#8221;.vc_custom_1572991693457{padding-left: 0px !important;}&#8221;][vc_column_text css=&#8221;.vc_custom_1582669315725{margin-bottom: 40px !important;}&#8221;]<\/p>\n<h1>MITJANS DE PAGAMENT<\/h1>\n<p>[\/vc_column_text][\/vc_column][\/vc_row][vc_row full_width=&#8221;stretch_row&#8221; content_placement=&#8221;middle&#8221; css=&#8221;.vc_custom_1573218062729{margin-bottom: 0px !important;padding-bottom: 0px !important;}&#8221; el_id=&#8221;carburante&#8221;][vc_column offset=&#8221;vc_col-lg-12&#8243; css=&#8221;.vc_custom_1572985760819{background-position: center !important;background-repeat: no-repeat !important;background-size: cover !important;}&#8221;][vc_row_inner equal_height=&#8221;yes&#8221; content_placement=&#8221;middle&#8221;][vc_column_inner el_class=&#8221;m-t-50&#8243; css=&#8221;.vc_custom_1573164077199{padding-top: 200px !important;padding-bottom: 200px !important;background-image: url(https:\/\/www.osettra.com\/wp-content\/uploads\/2019\/11\/Tarjetas_1.jpg?id=2249) !important;background-position: center !important;background-repeat: no-repeat !important;background-size: cover !important;}&#8221; offset=&#8221;vc_col-lg-6 vc_col-md-6 vc_col-xs-12&#8243;][\/vc_column_inner][vc_column_inner offset=&#8221;vc_col-lg-6 vc_col-md-6 vc_col-xs-12&#8243;][vc_column_text css=&#8221;.vc_custom_1713342963312{padding-bottom: 50px !important;}&#8221;]<\/p>\n<h2>TARGETA DE CARBURANT<\/h2>\n<p>Osettra t\u00e9 acords exclusius amb diverses companyies per a oferir als seus clients mitjans de pagament especialment pensats per als professionals del transport. Entre ells les targetes destinades al pagament de combustibles i altres productes en una \u00e0mplia xarxa d&#8217;estacions de servei.<\/p>\n<p>Les empreses i aut\u00f2noms amb un o diversos vehicles poden beneficiar-se d&#8217;importants <strong>descomptes de fins a 16 c\u00e8ntims per litre<\/strong>. Les targetes disposen d&#8217;un codi PIN i funcionen com a instrument de cr\u00e8dit, ja que la facturaci\u00f3 es realitza posteriorment amb car\u00e0cter mensual, oferint aix\u00ed seguretat i comoditat a l&#8217;usuari.<\/p>\n<p>Les nostres targetes et permeten un seguiment detallat dels consums i rendiments de la teva flota. Accedint a l&#8217;\u00e0rea de gesti\u00f3, trobar\u00e0s informaci\u00f3 sobre la identificaci\u00f3 del vehicle i del conductor, la posici\u00f3 i la localitzaci\u00f3 de l&#8217;estaci\u00f3 de servei, aix\u00ed com la data i hora, els productes adquirits, i les quantitats dels mateixos en litres i en euros.[\/vc_column_text][\/vc_column_inner][\/vc_row_inner][\/vc_column][\/vc_row][vc_row full_width=&#8221;stretch_row&#8221; content_placement=&#8221;middle&#8221; css=&#8221;.vc_custom_1572989746632{margin-bottom: 0px !important;padding-bottom: 0px !important;background-color: #f7f7f7 !important;}&#8221; el_class=&#8221;column_mobile_reverse&#8221;][vc_column offset=&#8221;vc_col-lg-12&#8243; css=&#8221;.vc_custom_1572985760819{background-position: center !important;background-repeat: no-repeat !important;background-size: cover !important;}&#8221;][vc_row_inner equal_height=&#8221;yes&#8221; content_placement=&#8221;middle&#8221;][vc_column_inner offset=&#8221;vc_col-lg-6 vc_col-md-6 vc_col-xs-12&#8243; css=&#8221;.vc_custom_1582669491506{padding-top: 20px !important;}&#8221;][vc_column_text css=&#8221;.vc_custom_1582669467125{margin-bottom: 0px !important;padding-bottom: 0px !important;}&#8221;]<\/p>\n<h2>PEATGES<\/h2>\n<p>Informa&#8217;t dels diferents dispositius amb els quals pots pagar de manera segura en les autopistes i autovies de peatge. Els telepeatges et permeten portar el control de tots els teus viatges amb la facturaci\u00f3 mensual i el detall de cada import. Podr\u00e0s beneficiar-te tamb\u00e9 de programes de descomptes en el teu consum.<\/p>\n<p>Troba el sistema de pagament de taxes per les carreteres europees:<\/p>\n<p><strong>Toll Collect:<\/strong> Taxes en les autopistes alemanyes.<\/p>\n<p><strong>Eurovinyeta:<\/strong> Obligatori per als vehicles de m\u00e9s de 12 tones per a circular per les autopistes de B\u00e8lgica, Dinamarca, Luxemburg, Pa\u00efsos Baixos i Su\u00e8cia.<\/p>\n<p><strong>Taxa HGV Levy:<\/strong> Taxa obligada per a la circulaci\u00f3 de vehicles de m\u00e9s de 12 tones per les carreteres de Regne Unit.[\/vc_column_text][vc_column_text css=&#8221;.vc_custom_1573165228297{padding-bottom: 50px !important;}&#8221;]<\/p>\n<table style=\"border: none;\" border=\"0\">\n<tbody>\n<tr>\n<td style=\"border: none;\"><img decoding=\"async\" style=\"width: 75px;\" src=\"\/wp-content\/uploads\/2019\/11\/viapass.jpg\" \/><\/td>\n<td style=\"border: none;\"><img decoding=\"async\" style=\"width: 75px;\" src=\"\/wp-content\/uploads\/2019\/11\/toll-collect.png\" \/><\/td>\n<td style=\"border: none;\"><img decoding=\"async\" style=\"width: 75px;\" src=\"\/wp-content\/uploads\/2019\/11\/HGV-LEVY.png\" \/><\/td>\n<td style=\"border: none;\"><img decoding=\"async\" style=\"width: 75px;\" src=\"\/wp-content\/uploads\/2019\/11\/Eurovi\u00f1eta.png\" \/><\/td>\n<\/tr>\n<\/tbody>\n<\/table>\n<p>[\/vc_column_text][\/vc_column_inner][vc_column_inner css=&#8221;.vc_custom_1573164125249{padding-top: 200px !important;padding-bottom: 200px !important;background-image: url(https:\/\/www.osettra.com\/wp-content\/uploads\/2019\/11\/telepeaje2.jpg?id=2250) !important;background-position: center !important;background-repeat: no-repeat !important;background-size: cover !important;}&#8221; offset=&#8221;vc_col-lg-6 vc_col-md-6 vc_col-xs-12&#8243;][\/vc_column_inner][\/vc_row_inner][\/vc_column][\/vc_row][vc_row css=&#8221;.vc_custom_1572986919020{margin-top: 50px !important;margin-bottom: 40px !important;}&#8221;][vc_column width=&#8221;2\/5&#8243;][vc_column_text css=&#8221;.vc_custom_1574979336031{margin-bottom: 40px !important;}&#8221;]<\/p>\n<h2>Contacto<\/h2>\n<p>[\/vc_column_text][vc_column_text]Por cualquier duda o consulta, rellene el formulario y nos pondremos en contacto y responderemos a la brevedad.[\/vc_column_text][\/vc_column][vc_column width=&#8221;3\/5&#8243;][vc_column_text el_class=&#8221;home-contact-form&#8221;]\n<div class=\"wpcf7 no-js\" id=\"wpcf7-f453-o2\" lang=\"en-US\" dir=\"ltr\">\n<div class=\"screen-reader-response\"><p role=\"status\" aria-live=\"polite\" aria-atomic=\"true\"><\/p> <ul><\/ul><\/div>\n<form action=\"\/ca\/wp-json\/wp\/v2\/pages\/2179#wpcf7-f453-o2\" method=\"post\" class=\"wpcf7-form init\" aria-label=\"Contact form\" novalidate=\"novalidate\" data-status=\"init\">\n<div style=\"display: none;\">\n<input type=\"hidden\" name=\"_wpcf7\" value=\"453\" \/>\n<input type=\"hidden\" name=\"_wpcf7_version\" value=\"5.8.6\" \/>\n<input type=\"hidden\" name=\"_wpcf7_locale\" value=\"en_US\" \/>\n<input type=\"hidden\" name=\"_wpcf7_unit_tag\" value=\"wpcf7-f453-o2\" \/>\n<input type=\"hidden\" name=\"_wpcf7_container_post\" value=\"0\" \/>\n<input type=\"hidden\" name=\"_wpcf7_posted_data_hash\" value=\"\" \/>\n<\/div>\n<div class=\"contact_form\">\n\t<div class=\"row\">\n\t\t<div class=\"col-lg-6 col-md-6 col-sm-12 col-xs-12\">\n\t\t\t<div class=\"input-group\">\n\t\t\t\t<p><span class=\"wpcf7-form-control-wrap\" data-name=\"nombre\"><input size=\"40\" class=\"wpcf7-form-control wpcf7-text wpcf7-validates-as-required\" aria-required=\"true\" aria-invalid=\"false\" placeholder=\"Nombre *\" value=\"\" type=\"text\" name=\"nombre\" \/><\/span>\n\t\t\t\t<\/p>\n\t\t\t<\/div>\n\t\t\t<div class=\"input-group\">\n\t\t\t\t<p><span class=\"wpcf7-form-control-wrap\" data-name=\"email\"><input size=\"40\" class=\"wpcf7-form-control wpcf7-email wpcf7-validates-as-required wpcf7-text wpcf7-validates-as-email\" aria-required=\"true\" aria-invalid=\"false\" placeholder=\"E-mail *\" value=\"\" type=\"email\" name=\"email\" \/><\/span>\n\t\t\t\t<\/p>\n\t\t\t<\/div>\n\t\t\t<div class=\"input-group\">\n\t\t\t\t<p><span class=\"wpcf7-form-control-wrap\" data-name=\"telefono\"><input size=\"40\" class=\"wpcf7-form-control wpcf7-tel wpcf7-validates-as-required wpcf7-text wpcf7-validates-as-tel contact-form-telefono\" aria-required=\"true\" aria-invalid=\"false\" placeholder=\"Tel\u00e9fono *\" value=\"\" type=\"tel\" name=\"telefono\" \/><\/span>\n\t\t\t\t<\/p>\n\t\t\t<\/div>\n\t\t<\/div>\n\t\t<div class=\"col-lg-6 col-md-6 col-sm-12 col-xs-12 m-t-2\">\n\t\t\t<p><span class=\"wpcf7-form-control-wrap\" data-name=\"mensaje\"><textarea cols=\"40\" rows=\"10\" class=\"wpcf7-form-control wpcf7-textarea contact-form-mensaje\" aria-invalid=\"false\" name=\"mensaje\"><\/textarea><\/span>\n\t\t\t<\/p>\n\t\t<\/div>\n\t<\/div>\n\t<div class=\"row\">\n\t\t<div class=\"col-lg-6 col-md-6 col-sm-12 col-xs-12\" style=\"margin-top:25px;\">\n\t\t\t<p><span class=\"wpcf7-form-control-wrap\" data-name=\"newsletter\"><span class=\"wpcf7-form-control wpcf7-checkbox\"><span class=\"wpcf7-list-item first last\"><label><input type=\"checkbox\" name=\"newsletter[]\" value=\"Subscribete a nuestro newsletter\" \/><span class=\"wpcf7-list-item-label\">Subscribete a nuestro newsletter<\/span><\/label><\/span><\/span><\/span>\n\t\t\t<\/p>\n\t\t<\/div>\n\t\t<div class=\"col-lg-6 col-md-6 col-sm-12 col-xs-12\" style=\"margin-top:25px;\">\n\t\t\t<p><span class=\"wpcf7-form-control-wrap\" data-name=\"acceptance-661\"><span class=\"wpcf7-form-control wpcf7-acceptance optional\"><span class=\"wpcf7-list-item\"><label><input type=\"checkbox\" name=\"acceptance-661\" value=\"1\" aria-invalid=\"false\" \/><span class=\"wpcf7-list-item-label\">Al enviar su consulta acepta nuestra <a href=\"\/politica-de-privacidad\/\" >pol\u00edtica de privacidad<\/a>.<\/span><\/label><\/span><\/span><\/span>\n\t\t\t<\/p>\n\t\t<\/div>\n\t\t<div class=\"col-lg-6 col-md-6 col-sm-12 col-xs-12 text-right m-t-3\">\n\t\t<\/div>\n\t\t<div class=\"col-lg-6 col-md-6 col-sm-12 col-xs-12 text-right\" style=\"margin-top:25px;\">\n\t\t\t<div class=\"input-group\">\n\t\t\t\t<p><button class=\"button icon_right size-sm theme-wpcf7-submit\">ENVIAR <i class=\"stm-arrow-next\"><\/i><\/button>\n\t\t\t\t<\/p>\n\t\t\t<\/div>\n\t\t<\/div>\n\t<\/div>\n<\/div><div class=\"wpcf7-response-output\" aria-hidden=\"true\"><\/div>\n<\/form>\n<\/div>\n[\/vc_column_text][\/vc_column][\/vc_row]<\/p>\n<\/div>","protected":false},"excerpt":{"rendered":"<p>[vc_row][vc_column el_class=&#8221;r-m-l-15&#8243; css=&#8221;.vc_custom_1572991693457{padding-left: 0px !important;}&#8221;][vc_column_text css=&#8221;.vc_custom_1582669315725{margin-bottom: 40px !important;}&#8221;] MITJANS DE PAGAMENT [\/vc_column_text][\/vc_column][\/vc_row][vc_row full_width=&#8221;stretch_row&#8221; content_placement=&#8221;middle&#8221; css=&#8221;.vc_custom_1573218062729{margin-bottom: 0px !important;padding-bottom: 0px !important;}&#8221; el_id=&#8221;carburante&#8221;][vc_column offset=&#8221;vc_col-lg-12&#8243; css=&#8221;.vc_custom_1572985760819{background-position: center !important;background-repeat: no-repeat !important;background-size: cover !important;}&#8221;][vc_row_inner equal_height=&#8221;yes&#8221; content_placement=&#8221;middle&#8221;][vc_column_inner el_class=&#8221;m-t-50&#8243; css=&#8221;.vc_custom_1573164077199{padding-top: 200px&#8230;<\/p>\n","protected":false},"author":2,"featured_media":0,"parent":0,"menu_order":0,"comment_status":"closed","ping_status":"closed","template":"","meta":{"_exactmetrics_skip_tracking":false,"_exactmetrics_sitenote_active":false,"_exactmetrics_sitenote_note":"","_exactmetrics_sitenote_category":0,"footnotes":""},"_links":{"self":[{"href":"https:\/\/www.osettra.com\/ca\/wp-json\/wp\/v2\/pages\/2179"}],"collection":[{"href":"https:\/\/www.osettra.com\/ca\/wp-json\/wp\/v2\/pages"}],"about":[{"href":"https:\/\/www.osettra.com\/ca\/wp-json\/wp\/v2\/types\/page"}],"author":[{"embeddable":true,"href":"https:\/\/www.osettra.com\/ca\/wp-json\/wp\/v2\/users\/2"}],"replies":[{"embeddable":true,"href":"https:\/\/www.osettra.com\/ca\/wp-json\/wp\/v2\/comments?post=2179"}],"version-history":[{"count":31,"href":"https:\/\/www.osettra.com\/ca\/wp-json\/wp\/v2\/pages\/2179\/revisions"}],"predecessor-version":[{"id":2633,"href":"https:\/\/www.osettra.com\/ca\/wp-json\/wp\/v2\/pages\/2179\/revisions\/2633"}],"wp:attachment":[{"href":"https:\/\/www.osettra.com\/ca\/wp-json\/wp\/v2\/media?parent=2179"}],"curies":[{"name":"wp","href":"https:\/\/api.w.org\/{rel}","templated":true}]}}