{"id":1979,"date":"2019-10-14T22:33:13","date_gmt":"2019-10-14T22:33:13","guid":{"rendered":"https:\/\/www.osettra.com\/?page_id=1979"},"modified":"2020-02-25T21:17:31","modified_gmt":"2020-02-25T21:17:31","slug":"seguro-pymes","status":"publish","type":"page","link":"https:\/\/www.osettra.com\/ca\/seguro-pymes\/","title":{"rendered":"ASSEGURAN\u00c7A PYME"},"content":{"rendered":"<div class=\"wpb-content-wrapper\"><p>[vc_row css=&#8221;.vc_custom_1570199797564{margin-bottom: 50px !important;}&#8221;][vc_column offset=&#8221;vc_col-lg-12&#8243;][vc_column_text css=&#8221;.vc_custom_1582665430587{margin-bottom: 40px !important;}&#8221;]<\/p>\n<h2>ASSEGURAN\u00c7A PYME<\/h2>\n<p>[\/vc_column_text][vc_row_inner equal_height=&#8221;yes&#8221; content_placement=&#8221;middle&#8221;][vc_column_inner width=&#8221;1\/2&#8243; offset=&#8221;vc_hidden-sm vc_hidden-xs&#8221; css=&#8221;.vc_custom_1573158735476{padding-top: 200px !important;padding-bottom: 200px !important;background-image: url(https:\/\/www.osettra.com\/wp-content\/uploads\/2019\/11\/PYMES.jpg?id=2229) !important;background-position: center !important;background-repeat: no-repeat !important;background-size: cover !important;}&#8221;][\/vc_column_inner][vc_column_inner offset=&#8221;vc_col-lg-6 vc_col-md-6 vc_col-xs-12&#8243;][vc_column_text]Cobertura per als propietaris o inquilins de naus industrials o oficines. Cobertures per al Contingut i l&#8217;Edificaci\u00f3, aix\u00ed com la responsabilitat enfront de danys a tercers. Analitzem cada cas per a con\u00e8ixer les companyies asseguradores que s&#8217;adapten a les instal\u00b7lacions de la teva empresa.[\/vc_column_text][\/vc_column_inner][\/vc_row_inner][\/vc_column][\/vc_row][vc_row full_width=&#8221;stretch_row&#8221; css=&#8221;.vc_custom_1570200057403{margin-bottom: 40px !important;padding-top: 25px !important;padding-bottom: 25px !important;background-color: #f7f7f7 !important;}&#8221;][vc_column][vc_row_inner][vc_column_inner][vc_column_text css=&#8221;.vc_custom_1571091713059{margin-bottom: 40px !important;}&#8221;]<\/p>\n<h2>OTROS SEGUROS DE TRANSPORTE<\/h2>\n<p>[\/vc_column_text][\/vc_column_inner][vc_column_inner width=&#8221;1\/2&#8243; offset=&#8221;vc_col-lg-1\/5 vc_col-md-1\/5 vc_col-xs-6&#8243; css=&#8221;.vc_custom_1571091161072{margin-bottom: 25px !important;}&#8221;][vc_column_text]<\/p>\n<ul class=\"style_3\">\n<li><a href=\"\/seguro-de-responsabilidad-civil\/\">Seguro de Responsabilidad Civil<\/a><\/li>\n<li><a href=\"\/seguro-de-accidentes\/\">Seguro de Accidentes<\/a><\/li>\n<li><a href=\"\/seguro-administradores\/\">Seguro Administradores<\/a><\/li>\n<li><a href=\"\/seguro-de-mercancias\/\">Seguro de Mercanc\u00edas<\/a><\/li>\n<\/ul>\n<p>[\/vc_column_text][\/vc_column_inner][vc_column_inner width=&#8221;1\/2&#8243; offset=&#8221;vc_col-lg-1\/5 vc_col-md-1\/5 vc_col-xs-6&#8243;][vc_column_text]<\/p>\n<ul class=\"style_3\">\n<li>Seguro de Asistencia en carretera<\/li>\n<li>Seguro de Flota<\/li>\n<li><a href=\"\/seguro-medioambiental\/\">Seguro Medioambiental<\/a><\/li>\n<\/ul>\n<p>[\/vc_column_text][\/vc_column_inner][vc_column_inner width=&#8221;1\/2&#8243; offset=&#8221;vc_col-lg-3\/5 vc_col-md-3\/5 vc_col-xs-12&#8243;][vc_single_image image=&#8221;1461&#8243; img_size=&#8221;full&#8221; alignment=&#8221;center&#8221;][\/vc_column_inner][\/vc_row_inner][\/vc_column][\/vc_row][vc_row css=&#8221;.vc_custom_1449137019491{margin-bottom: 40px !important;}&#8221;][vc_column width=&#8221;2\/5&#8243;][vc_column_text css=&#8221;.vc_custom_1574979678003{margin-bottom: 40px !important;}&#8221;]<\/p>\n<h2>Contacto<\/h2>\n<p>[\/vc_column_text][vc_column_text]Por cualquier duda o consulta, rellene el formulario y nos pondremos en contacto y responderemos a la brevedad.[\/vc_column_text][\/vc_column][vc_column width=&#8221;3\/5&#8243;][vc_column_text el_class=&#8221;home-contact-form&#8221;]\n<div class=\"wpcf7 no-js\" id=\"wpcf7-f453-o2\" lang=\"en-US\" dir=\"ltr\">\n<div class=\"screen-reader-response\"><p role=\"status\" aria-live=\"polite\" aria-atomic=\"true\"><\/p> <ul><\/ul><\/div>\n<form action=\"\/ca\/wp-json\/wp\/v2\/pages\/1979#wpcf7-f453-o2\" method=\"post\" class=\"wpcf7-form init\" aria-label=\"Contact form\" novalidate=\"novalidate\" data-status=\"init\">\n<div style=\"display: none;\">\n<input type=\"hidden\" name=\"_wpcf7\" value=\"453\" \/>\n<input type=\"hidden\" name=\"_wpcf7_version\" value=\"5.8.6\" \/>\n<input type=\"hidden\" name=\"_wpcf7_locale\" value=\"en_US\" \/>\n<input type=\"hidden\" name=\"_wpcf7_unit_tag\" value=\"wpcf7-f453-o2\" \/>\n<input type=\"hidden\" name=\"_wpcf7_container_post\" value=\"0\" \/>\n<input type=\"hidden\" name=\"_wpcf7_posted_data_hash\" value=\"\" \/>\n<\/div>\n<div class=\"contact_form\">\n\t<div class=\"row\">\n\t\t<div class=\"col-lg-6 col-md-6 col-sm-12 col-xs-12\">\n\t\t\t<div class=\"input-group\">\n\t\t\t\t<p><span class=\"wpcf7-form-control-wrap\" data-name=\"nombre\"><input size=\"40\" class=\"wpcf7-form-control wpcf7-text wpcf7-validates-as-required\" aria-required=\"true\" aria-invalid=\"false\" placeholder=\"Nombre *\" value=\"\" type=\"text\" name=\"nombre\" \/><\/span>\n\t\t\t\t<\/p>\n\t\t\t<\/div>\n\t\t\t<div class=\"input-group\">\n\t\t\t\t<p><span class=\"wpcf7-form-control-wrap\" data-name=\"email\"><input size=\"40\" class=\"wpcf7-form-control wpcf7-email wpcf7-validates-as-required wpcf7-text wpcf7-validates-as-email\" aria-required=\"true\" aria-invalid=\"false\" placeholder=\"E-mail *\" value=\"\" type=\"email\" name=\"email\" \/><\/span>\n\t\t\t\t<\/p>\n\t\t\t<\/div>\n\t\t\t<div class=\"input-group\">\n\t\t\t\t<p><span class=\"wpcf7-form-control-wrap\" data-name=\"telefono\"><input size=\"40\" class=\"wpcf7-form-control wpcf7-tel wpcf7-validates-as-required wpcf7-text wpcf7-validates-as-tel contact-form-telefono\" aria-required=\"true\" aria-invalid=\"false\" placeholder=\"Tel\u00e9fono *\" value=\"\" type=\"tel\" name=\"telefono\" \/><\/span>\n\t\t\t\t<\/p>\n\t\t\t<\/div>\n\t\t<\/div>\n\t\t<div class=\"col-lg-6 col-md-6 col-sm-12 col-xs-12 m-t-2\">\n\t\t\t<p><span class=\"wpcf7-form-control-wrap\" data-name=\"mensaje\"><textarea cols=\"40\" rows=\"10\" class=\"wpcf7-form-control wpcf7-textarea contact-form-mensaje\" aria-invalid=\"false\" name=\"mensaje\"><\/textarea><\/span>\n\t\t\t<\/p>\n\t\t<\/div>\n\t<\/div>\n\t<div class=\"row\">\n\t\t<div class=\"col-lg-6 col-md-6 col-sm-12 col-xs-12\" style=\"margin-top:25px;\">\n\t\t\t<p><span class=\"wpcf7-form-control-wrap\" data-name=\"newsletter\"><span class=\"wpcf7-form-control wpcf7-checkbox\"><span class=\"wpcf7-list-item first last\"><label><input type=\"checkbox\" name=\"newsletter[]\" value=\"Subscribete a nuestro newsletter\" \/><span class=\"wpcf7-list-item-label\">Subscribete a nuestro newsletter<\/span><\/label><\/span><\/span><\/span>\n\t\t\t<\/p>\n\t\t<\/div>\n\t\t<div class=\"col-lg-6 col-md-6 col-sm-12 col-xs-12\" style=\"margin-top:25px;\">\n\t\t\t<p><span class=\"wpcf7-form-control-wrap\" data-name=\"acceptance-661\"><span class=\"wpcf7-form-control wpcf7-acceptance optional\"><span class=\"wpcf7-list-item\"><label><input type=\"checkbox\" name=\"acceptance-661\" value=\"1\" aria-invalid=\"false\" \/><span class=\"wpcf7-list-item-label\">Al enviar su consulta acepta nuestra <a href=\"\/politica-de-privacidad\/\" >pol\u00edtica de privacidad<\/a>.<\/span><\/label><\/span><\/span><\/span>\n\t\t\t<\/p>\n\t\t<\/div>\n\t\t<div class=\"col-lg-6 col-md-6 col-sm-12 col-xs-12 text-right m-t-3\">\n\t\t<\/div>\n\t\t<div class=\"col-lg-6 col-md-6 col-sm-12 col-xs-12 text-right\" style=\"margin-top:25px;\">\n\t\t\t<div class=\"input-group\">\n\t\t\t\t<p><button class=\"button icon_right size-sm theme-wpcf7-submit\">ENVIAR <i class=\"stm-arrow-next\"><\/i><\/button>\n\t\t\t\t<\/p>\n\t\t\t<\/div>\n\t\t<\/div>\n\t<\/div>\n<\/div><div class=\"wpcf7-response-output\" aria-hidden=\"true\"><\/div>\n<\/form>\n<\/div>\n[\/vc_column_text][\/vc_column][\/vc_row]<\/p>\n<\/div>","protected":false},"excerpt":{"rendered":"<p>[vc_row css=&#8221;.vc_custom_1570199797564{margin-bottom: 50px !important;}&#8221;][vc_column offset=&#8221;vc_col-lg-12&#8243;][vc_column_text css=&#8221;.vc_custom_1582665430587{margin-bottom: 40px !important;}&#8221;] ASSEGURAN\u00c7A PYME [\/vc_column_text][vc_row_inner equal_height=&#8221;yes&#8221; content_placement=&#8221;middle&#8221;][vc_column_inner width=&#8221;1\/2&#8243; offset=&#8221;vc_hidden-sm vc_hidden-xs&#8221; css=&#8221;.vc_custom_1573158735476{padding-top: 200px !important;padding-bottom: 200px !important;background-image: url(https:\/\/www.osettra.com\/wp-content\/uploads\/2019\/11\/PYMES.jpg?id=2229) !important;background-position: center !important;background-repeat: no-repeat !important;background-size: cover !important;}&#8221;][\/vc_column_inner][vc_column_inner offset=&#8221;vc_col-lg-6 vc_col-md-6 vc_col-xs-12&#8243;][vc_column_text]Cobertura per&#8230;<\/p>\n","protected":false},"author":2,"featured_media":0,"parent":0,"menu_order":0,"comment_status":"closed","ping_status":"closed","template":"","meta":{"_exactmetrics_skip_tracking":false,"_exactmetrics_sitenote_active":false,"_exactmetrics_sitenote_note":"","_exactmetrics_sitenote_category":0,"footnotes":""},"_links":{"self":[{"href":"https:\/\/www.osettra.com\/ca\/wp-json\/wp\/v2\/pages\/1979"}],"collection":[{"href":"https:\/\/www.osettra.com\/ca\/wp-json\/wp\/v2\/pages"}],"about":[{"href":"https:\/\/www.osettra.com\/ca\/wp-json\/wp\/v2\/types\/page"}],"author":[{"embeddable":true,"href":"https:\/\/www.osettra.com\/ca\/wp-json\/wp\/v2\/users\/2"}],"replies":[{"embeddable":true,"href":"https:\/\/www.osettra.com\/ca\/wp-json\/wp\/v2\/comments?post=1979"}],"version-history":[{"count":6,"href":"https:\/\/www.osettra.com\/ca\/wp-json\/wp\/v2\/pages\/1979\/revisions"}],"predecessor-version":[{"id":2521,"href":"https:\/\/www.osettra.com\/ca\/wp-json\/wp\/v2\/pages\/1979\/revisions\/2521"}],"wp:attachment":[{"href":"https:\/\/www.osettra.com\/ca\/wp-json\/wp\/v2\/media?parent=1979"}],"curies":[{"name":"wp","href":"https:\/\/api.w.org\/{rel}","templated":true}]}}