{"id":1886,"date":"2019-10-08T20:46:46","date_gmt":"2019-10-08T20:46:46","guid":{"rendered":"https:\/\/www.osettra.com\/?page_id=1886"},"modified":"2020-02-25T22:26:47","modified_gmt":"2020-02-25T22:26:47","slug":"cap-formacion-continua","status":"publish","type":"page","link":"https:\/\/www.osettra.com\/ca\/cap-formacion-continua\/","title":{"rendered":"CAP FORMACI\u00d3 CONT\u00cdNUA"},"content":{"rendered":"<div class=\"wpb-content-wrapper\"><p>[vc_row css=&#8221;.vc_custom_1570199797564{margin-bottom: 50px !important;}&#8221;][vc_column offset=&#8221;vc_col-lg-12&#8243;][vc_column_text css=&#8221;.vc_custom_1582669543199{margin-bottom: 40px !important;}&#8221;]<\/p>\n<h2>CAP FORMACI\u00d3 CONT\u00cdNUA<\/h2>\n<p>[\/vc_column_text][vc_row_inner equal_height=&#8221;yes&#8221; content_placement=&#8221;middle&#8221;][vc_column_inner width=&#8221;1\/2&#8243; offset=&#8221;vc_hidden-sm vc_hidden-xs&#8221; css=&#8221;.vc_custom_1574865072349{padding-top: 200px !important;padding-bottom: 200px !important;background-image: url(https:\/\/www.osettra.com\/wp-content\/uploads\/2019\/11\/Formaci\u00f3n_1.jpg?id=2366) !important;background-position: center !important;background-repeat: no-repeat !important;background-size: cover !important;}&#8221;][\/vc_column_inner][vc_column_inner offset=&#8221;vc_col-lg-6 vc_col-md-6 vc_col-xs-12&#8243;][vc_column_text]Els conductors de transport de mercaderies necessiten un Certificat d&#8217;Aptitud Professional (CAP) que els habiliti per a realitzar aquest tipus de treballs. Es tracta d&#8217;una normativa comunit\u00e0ria que va entrar en vigor al nostre pa\u00eds en 2009 i que afecta la totalitat dels conductors, tant si condueixen en qualitat d&#8217;aut\u00f2noms com d&#8217;assalariats, per compte propi o per compte d&#8217;altre.<br \/>\nOsettra \u00e9s un centre autoritzat per a impartir la formaci\u00f3 cont\u00ednua del CAP, necess\u00e0ria cada cinc anys per a mantenir el certificat en vigor. La formaci\u00f3 cont\u00ednua del CAP est\u00e0 orientada a actualitzar els coneixements essencials del conductor professional en aspectes com la seguretat en carretera i la racionalitzaci\u00f3 del consum de carburant.<br \/>\n[\/vc_column_text][\/vc_column_inner][\/vc_row_inner][vc_column_text css=&#8221;.vc_custom_1582669604020{padding-top: 10px !important;}&#8221;]La formaci\u00f3 cont\u00ednua del CAP t\u00e9 una durada presencial de 35 hores i la imparteixen els nostres professors especialitzats en transport a les aules de Barcelona. Tamb\u00e9 existeix la possibilitat d&#8217;organitzar cursos en les instal\u00b7lacions dels clients quan es tracta de diversos alumnes.<br \/>\nLa formaci\u00f3 cont\u00ednua del CAP t\u00e9 lloc els caps de setmana per a adaptar-nos als horaris dels nostres clients. A Osettra gestionem tamb\u00e9 les subvencions per als assalariats.[\/vc_column_text][\/vc_column][\/vc_row][vc_row full_width=&#8221;stretch_row&#8221; css=&#8221;.vc_custom_1570200057403{margin-bottom: 40px !important;padding-top: 25px !important;padding-bottom: 25px !important;background-color: #f7f7f7 !important;}&#8221;][vc_column][vc_row_inner][vc_column_inner][vc_column_text css=&#8221;.vc_custom_1570567449111{margin-bottom: 40px !important;}&#8221;]<\/p>\n<h2>OTRAS FORMACIONES<\/h2>\n<p>[\/vc_column_text][\/vc_column_inner][vc_column_inner offset=&#8221;vc_col-lg-2\/5 vc_col-md-2\/5 vc_col-xs-12&#8243; css=&#8221;.vc_custom_1570560569511{margin-bottom: 25px !important;}&#8221;][vc_column_text]<\/p>\n<ul class=\"style_3\">\n<li><a href=\"https:\/\/www.osettra.com\/competencia-profesional\/\">Competencia Profesional<\/a><\/li>\n<li><a href=\"\/formacion-adr\/\">Formaci\u00f3n ADR<\/a><\/li>\n<li><a href=\"\/prevencion-de-riesgos-laborales\/\">Prevenci\u00f3n de Riesgos Laborales<\/a><\/li>\n<\/ul>\n<p>[\/vc_column_text][\/vc_column_inner][vc_column_inner offset=&#8221;vc_col-lg-3\/5 vc_col-md-3\/5 vc_col-xs-12&#8243;][vc_single_image image=&#8221;1461&#8243; img_size=&#8221;full&#8221; alignment=&#8221;center&#8221;][\/vc_column_inner][\/vc_row_inner][\/vc_column][\/vc_row][vc_row css=&#8221;.vc_custom_1449137019491{margin-bottom: 40px !important;}&#8221;][vc_column width=&#8221;2\/5&#8243;][vc_column_text css=&#8221;.vc_custom_1574979096856{margin-bottom: 40px !important;}&#8221;]<\/p>\n<h2>Contacto<\/h2>\n<p>[\/vc_column_text][vc_column_text]Por cualquier duda o consulta, rellene el formulario y nos pondremos en contacto y responderemos a la brevedad.[\/vc_column_text][\/vc_column][vc_column width=&#8221;3\/5&#8243;][vc_column_text el_class=&#8221;home-contact-form&#8221;]\n<div class=\"wpcf7 no-js\" id=\"wpcf7-f453-o2\" lang=\"en-US\" dir=\"ltr\">\n<div class=\"screen-reader-response\"><p role=\"status\" aria-live=\"polite\" aria-atomic=\"true\"><\/p> <ul><\/ul><\/div>\n<form action=\"\/ca\/wp-json\/wp\/v2\/pages\/1886#wpcf7-f453-o2\" method=\"post\" class=\"wpcf7-form init\" aria-label=\"Contact form\" novalidate=\"novalidate\" data-status=\"init\">\n<div style=\"display: none;\">\n<input type=\"hidden\" name=\"_wpcf7\" value=\"453\" \/>\n<input type=\"hidden\" name=\"_wpcf7_version\" value=\"5.8.6\" \/>\n<input type=\"hidden\" name=\"_wpcf7_locale\" value=\"en_US\" \/>\n<input type=\"hidden\" name=\"_wpcf7_unit_tag\" value=\"wpcf7-f453-o2\" \/>\n<input type=\"hidden\" name=\"_wpcf7_container_post\" value=\"0\" \/>\n<input type=\"hidden\" name=\"_wpcf7_posted_data_hash\" value=\"\" \/>\n<\/div>\n<div class=\"contact_form\">\n\t<div class=\"row\">\n\t\t<div class=\"col-lg-6 col-md-6 col-sm-12 col-xs-12\">\n\t\t\t<div class=\"input-group\">\n\t\t\t\t<p><span class=\"wpcf7-form-control-wrap\" data-name=\"nombre\"><input size=\"40\" class=\"wpcf7-form-control wpcf7-text wpcf7-validates-as-required\" aria-required=\"true\" aria-invalid=\"false\" placeholder=\"Nombre *\" value=\"\" type=\"text\" name=\"nombre\" \/><\/span>\n\t\t\t\t<\/p>\n\t\t\t<\/div>\n\t\t\t<div class=\"input-group\">\n\t\t\t\t<p><span class=\"wpcf7-form-control-wrap\" data-name=\"email\"><input size=\"40\" class=\"wpcf7-form-control wpcf7-email wpcf7-validates-as-required wpcf7-text wpcf7-validates-as-email\" aria-required=\"true\" aria-invalid=\"false\" placeholder=\"E-mail *\" value=\"\" type=\"email\" name=\"email\" \/><\/span>\n\t\t\t\t<\/p>\n\t\t\t<\/div>\n\t\t\t<div class=\"input-group\">\n\t\t\t\t<p><span class=\"wpcf7-form-control-wrap\" data-name=\"telefono\"><input size=\"40\" class=\"wpcf7-form-control wpcf7-tel wpcf7-validates-as-required wpcf7-text wpcf7-validates-as-tel contact-form-telefono\" aria-required=\"true\" aria-invalid=\"false\" placeholder=\"Tel\u00e9fono *\" value=\"\" type=\"tel\" name=\"telefono\" \/><\/span>\n\t\t\t\t<\/p>\n\t\t\t<\/div>\n\t\t<\/div>\n\t\t<div class=\"col-lg-6 col-md-6 col-sm-12 col-xs-12 m-t-2\">\n\t\t\t<p><span class=\"wpcf7-form-control-wrap\" data-name=\"mensaje\"><textarea cols=\"40\" rows=\"10\" class=\"wpcf7-form-control wpcf7-textarea contact-form-mensaje\" aria-invalid=\"false\" name=\"mensaje\"><\/textarea><\/span>\n\t\t\t<\/p>\n\t\t<\/div>\n\t<\/div>\n\t<div class=\"row\">\n\t\t<div class=\"col-lg-6 col-md-6 col-sm-12 col-xs-12\" style=\"margin-top:25px;\">\n\t\t\t<p><span class=\"wpcf7-form-control-wrap\" data-name=\"newsletter\"><span class=\"wpcf7-form-control wpcf7-checkbox\"><span class=\"wpcf7-list-item first last\"><label><input type=\"checkbox\" name=\"newsletter[]\" value=\"Subscribete a nuestro newsletter\" \/><span class=\"wpcf7-list-item-label\">Subscribete a nuestro newsletter<\/span><\/label><\/span><\/span><\/span>\n\t\t\t<\/p>\n\t\t<\/div>\n\t\t<div class=\"col-lg-6 col-md-6 col-sm-12 col-xs-12\" style=\"margin-top:25px;\">\n\t\t\t<p><span class=\"wpcf7-form-control-wrap\" data-name=\"acceptance-661\"><span class=\"wpcf7-form-control wpcf7-acceptance optional\"><span class=\"wpcf7-list-item\"><label><input type=\"checkbox\" name=\"acceptance-661\" value=\"1\" aria-invalid=\"false\" \/><span class=\"wpcf7-list-item-label\">Al enviar su consulta acepta nuestra <a href=\"\/politica-de-privacidad\/\" >pol\u00edtica de privacidad<\/a>.<\/span><\/label><\/span><\/span><\/span>\n\t\t\t<\/p>\n\t\t<\/div>\n\t\t<div class=\"col-lg-6 col-md-6 col-sm-12 col-xs-12 text-right m-t-3\">\n\t\t<\/div>\n\t\t<div class=\"col-lg-6 col-md-6 col-sm-12 col-xs-12 text-right\" style=\"margin-top:25px;\">\n\t\t\t<div class=\"input-group\">\n\t\t\t\t<p><button class=\"button icon_right size-sm theme-wpcf7-submit\">ENVIAR <i class=\"stm-arrow-next\"><\/i><\/button>\n\t\t\t\t<\/p>\n\t\t\t<\/div>\n\t\t<\/div>\n\t<\/div>\n<\/div><div class=\"wpcf7-response-output\" aria-hidden=\"true\"><\/div>\n<\/form>\n<\/div>\n[\/vc_column_text][\/vc_column][\/vc_row]<\/p>\n<\/div>","protected":false},"excerpt":{"rendered":"<p>[vc_row css=&#8221;.vc_custom_1570199797564{margin-bottom: 50px !important;}&#8221;][vc_column offset=&#8221;vc_col-lg-12&#8243;][vc_column_text css=&#8221;.vc_custom_1582669543199{margin-bottom: 40px !important;}&#8221;] CAP FORMACI\u00d3 CONT\u00cdNUA [\/vc_column_text][vc_row_inner equal_height=&#8221;yes&#8221; content_placement=&#8221;middle&#8221;][vc_column_inner width=&#8221;1\/2&#8243; offset=&#8221;vc_hidden-sm vc_hidden-xs&#8221; css=&#8221;.vc_custom_1574865072349{padding-top: 200px !important;padding-bottom: 200px !important;background-image: url(https:\/\/www.osettra.com\/wp-content\/uploads\/2019\/11\/Formaci\u00f3n_1.jpg?id=2366) !important;background-position: center !important;background-repeat: no-repeat !important;background-size: cover !important;}&#8221;][\/vc_column_inner][vc_column_inner offset=&#8221;vc_col-lg-6 vc_col-md-6 vc_col-xs-12&#8243;][vc_column_text]Els&#8230;<\/p>\n","protected":false},"author":2,"featured_media":0,"parent":0,"menu_order":0,"comment_status":"closed","ping_status":"closed","template":"","meta":{"_exactmetrics_skip_tracking":false,"_exactmetrics_sitenote_active":false,"_exactmetrics_sitenote_note":"","_exactmetrics_sitenote_category":0,"footnotes":""},"_links":{"self":[{"href":"https:\/\/www.osettra.com\/ca\/wp-json\/wp\/v2\/pages\/1886"}],"collection":[{"href":"https:\/\/www.osettra.com\/ca\/wp-json\/wp\/v2\/pages"}],"about":[{"href":"https:\/\/www.osettra.com\/ca\/wp-json\/wp\/v2\/types\/page"}],"author":[{"embeddable":true,"href":"https:\/\/www.osettra.com\/ca\/wp-json\/wp\/v2\/users\/2"}],"replies":[{"embeddable":true,"href":"https:\/\/www.osettra.com\/ca\/wp-json\/wp\/v2\/comments?post=1886"}],"version-history":[{"count":13,"href":"https:\/\/www.osettra.com\/ca\/wp-json\/wp\/v2\/pages\/1886\/revisions"}],"predecessor-version":[{"id":2544,"href":"https:\/\/www.osettra.com\/ca\/wp-json\/wp\/v2\/pages\/1886\/revisions\/2544"}],"wp:attachment":[{"href":"https:\/\/www.osettra.com\/ca\/wp-json\/wp\/v2\/media?parent=1886"}],"curies":[{"name":"wp","href":"https:\/\/api.w.org\/{rel}","templated":true}]}}